{"id":331,"date":"2019-08-07T09:46:38","date_gmt":"2019-08-07T08:46:38","guid":{"rendered":"https:\/\/avtolicar.net\/kontakt-2\/"},"modified":"2025-06-11T11:39:32","modified_gmt":"2025-06-11T10:39:32","slug":"kontakt-2","status":"publish","type":"page","link":"https:\/\/avtolicar.net\/de\/kontakt-2\/","title":{"rendered":"Kontakt"},"content":{"rendered":"\n\n\t\t<h1>\n\t\t\tKONTAKT\n\t\t<\/h1>\n\t\t\t\t<img decoding=\"async\" loading=\"lazy\" src=\"https:\/\/avtolicar.net\/wp-content\/uploads\/2025\/06\/Papez-logo-150x150.png\" alt=\"Pape\u017e logo\" itemprop=\"image\" height=\"150\" width=\"150\" title=\"Pape\u017e logo\" onerror=\"this.style.display='none'\"  \/>\n\t\t<ul>\n\t\t\t\t\t<li>\n\t\t\t\t<h3>+386 (0)31 683 016<\/h3>\n\t\t\t<\/li>\n\t\t\t\t\t<li>\n\t\t\t\t<h3>Podjel\u0161e 2, 1241 Kamnik, Slowenien<\/h3>\n\t\t\t<\/li>\n\t\t\t\t\t<li>\n\t\t\t\t<h3>Mo. &#8211; Fr. 7.00 &#8211; 17.00 Uhr bzw. nach Vereinbarung! Samstag: nach Vereinbarung<\/h3>\n\t\t\t<\/li>\n\t\t\t\t<\/ul>\n\t\t<h4>\n\t\t\tIHRE ANFRAGE\n\t\t<\/h4>\n<form>\n\t<input type=\"hidden\" name=\"fl-layout-id\" value=\"331\" \/>\n    \t\t<label for=\"pp-name-\">Vor- und Nachname<\/label>\n    \t\tBitte gib Deinen Namen ein.\n    \t\t<input type=\"text\" name=\"pp-name\" id=\"pp-name-\" value=\"\" placeholder=\"Vor- und Nachname\"  \/>\n    \t\t<label for=\"pp-email-\">E-Mail<\/label>\n    \t\tBitte gib eine valide E-Mail Adresse an.\n    \t\t<input type=\"email\" name=\"pp-email\" id=\"pp-email-\" value=\"\" placeholder=\"E-Mail\"  \/>\n    \t\t<label for=\"pp-phone-\">Telefon<\/label>\n    \t\tBitte gib eine g\u00fcltige Telefonnummer an.\n    \t\t<input type=\"tel\" name=\"pp-phone\" id=\"pp-phone-\" value=\"\" placeholder=\"Telefon\"  \/>\n    \t\t<label for=\"pp-message-\">Ihre Nachricht<\/label>\n    \t\tPlease type your message.\n    \t\t<textarea name=\"pp-message\" id=\"pp-message-\" placeholder=\"Ihre Nachricht\"><\/textarea>\n    \t<a href=\"#\" target=\"_self\" role=\"button\" rel=\"noopener\">\n    \t\t    \t\t    \t\tSenden\n    \t\t    \t\t    \t<\/a>\n\t\t\tMessage failed. Please try again.\n<\/form>\n  <p>Vielen Dank! Wir werden uns so schnell wie m\u00f6glich bei Ihnen melden.<\/p>\n\t<iframe src=\"https:\/\/www.google.com\/maps\/embed\/v1\/place?q=Podjel%C5%A1e+2%2C+1241+Kamnik%2C+Slowenien&#038;key=AIzaSyD09zQ9PNDNNy9TadMuzRV_UsPUoWKntt8\" aria-hidden=\"true\"><\/iframe>\n\n","protected":false},"excerpt":{"rendered":"<p>KONTAKT +386 (0)31 683 016 Podjel\u0161e 2, 1241 Kamnik, Slowenien Mo. &#8211; Fr. 7.00 &#8211; 17.00 Uhr bzw. nach Vereinbarung! Samstag: nach Vereinbarung IHRE ANFRAGE Vor- und Nachname Bitte gib Deinen Namen ein. E-Mail Bitte gib eine valide E-Mail Adresse an. Telefon Bitte gib eine g\u00fcltige Telefonnummer an. Ihre Nachricht Please type your message. Senden&hellip;<\/p>\n","protected":false},"author":1,"featured_media":0,"parent":0,"menu_order":0,"comment_status":"closed","ping_status":"closed","template":"","meta":[],"yoast_head":"<!-- This site is optimized with the Yoast SEO plugin v20.12 - https:\/\/yoast.com\/wordpress\/plugins\/seo\/ -->\n<title>Kontakt - AVTOLI\u010cARSTVO IN AVTOKLEPARSTVO PAPE\u017d<\/title>\n<meta name=\"robots\" content=\"index, follow, max-snippet:-1, max-image-preview:large, max-video-preview:-1\" \/>\n<link rel=\"canonical\" href=\"https:\/\/avtolicar.net\/de\/kontakt-2\/\" \/>\n<meta property=\"og:locale\" content=\"de_DE\" \/>\n<meta property=\"og:type\" content=\"article\" \/>\n<meta property=\"og:title\" content=\"Kontakt - AVTOLI\u010cARSTVO IN AVTOKLEPARSTVO PAPE\u017d\" \/>\n<meta property=\"og:description\" content=\"KONTAKT +386 (0)31 683 016 Podjel\u0161e 2, 1241 Kamnik, Slowenien Mo. &#8211; Fr. 7.00 &#8211; 17.00 Uhr bzw. nach Vereinbarung! Samstag: nach Vereinbarung IHRE ANFRAGE Vor- und Nachname Bitte gib Deinen Namen ein. E-Mail Bitte gib eine valide E-Mail Adresse an. Telefon Bitte gib eine g\u00fcltige Telefonnummer an. Ihre Nachricht Please type your message. Senden&hellip;\" \/>\n<meta property=\"og:url\" content=\"https:\/\/avtolicar.net\/de\/kontakt-2\/\" \/>\n<meta property=\"og:site_name\" content=\"AVTOLI\u010cARSTVO IN AVTOKLEPARSTVO PAPE\u017d\" \/>\n<meta property=\"article:modified_time\" content=\"2025-06-11T10:39:32+00:00\" \/>\n<meta property=\"og:image\" content=\"https:\/\/avtolicar.net\/wp-content\/uploads\/2025\/06\/Papez-logo-150x150.png\" \/>\n<meta name=\"twitter:card\" content=\"summary_large_image\" \/>\n<script type=\"application\/ld+json\" class=\"yoast-schema-graph\">{\"@context\":\"https:\/\/schema.org\",\"@graph\":[{\"@type\":\"WebPage\",\"@id\":\"https:\/\/avtolicar.net\/de\/kontakt-2\/\",\"url\":\"https:\/\/avtolicar.net\/de\/kontakt-2\/\",\"name\":\"Kontakt - AVTOLI\u010cARSTVO IN AVTOKLEPARSTVO PAPE\u017d\",\"isPartOf\":{\"@id\":\"https:\/\/avtolicar.net\/de\/#website\"},\"datePublished\":\"2019-08-07T08:46:38+00:00\",\"dateModified\":\"2025-06-11T10:39:32+00:00\",\"breadcrumb\":{\"@id\":\"https:\/\/avtolicar.net\/de\/kontakt-2\/#breadcrumb\"},\"inLanguage\":\"de-DE\",\"potentialAction\":[{\"@type\":\"ReadAction\",\"target\":[\"https:\/\/avtolicar.net\/de\/kontakt-2\/\"]}]},{\"@type\":\"BreadcrumbList\",\"@id\":\"https:\/\/avtolicar.net\/de\/kontakt-2\/#breadcrumb\",\"itemListElement\":[{\"@type\":\"ListItem\",\"position\":1,\"name\":\"Home\",\"item\":\"https:\/\/avtolicar.net\/de\/\"},{\"@type\":\"ListItem\",\"position\":2,\"name\":\"Kontakt\"}]},{\"@type\":\"WebSite\",\"@id\":\"https:\/\/avtolicar.net\/de\/#website\",\"url\":\"https:\/\/avtolicar.net\/de\/\",\"name\":\"AVTOLI\u010cARSTVO IN AVTOKLEPARSTVO PAPE\u017d\",\"description\":\"\",\"potentialAction\":[{\"@type\":\"SearchAction\",\"target\":{\"@type\":\"EntryPoint\",\"urlTemplate\":\"https:\/\/avtolicar.net\/de\/?s={search_term_string}\"},\"query-input\":\"required name=search_term_string\"}],\"inLanguage\":\"de-DE\"}]}<\/script>\n<!-- \/ Yoast SEO plugin. -->","yoast_head_json":{"title":"Kontakt - AVTOLI\u010cARSTVO IN AVTOKLEPARSTVO PAPE\u017d","robots":{"index":"index","follow":"follow","max-snippet":"max-snippet:-1","max-image-preview":"max-image-preview:large","max-video-preview":"max-video-preview:-1"},"canonical":"https:\/\/avtolicar.net\/de\/kontakt-2\/","og_locale":"de_DE","og_type":"article","og_title":"Kontakt - AVTOLI\u010cARSTVO IN AVTOKLEPARSTVO PAPE\u017d","og_description":"KONTAKT +386 (0)31 683 016 Podjel\u0161e 2, 1241 Kamnik, Slowenien Mo. &#8211; Fr. 7.00 &#8211; 17.00 Uhr bzw. nach Vereinbarung! Samstag: nach Vereinbarung IHRE ANFRAGE Vor- und Nachname Bitte gib Deinen Namen ein. E-Mail Bitte gib eine valide E-Mail Adresse an. Telefon Bitte gib eine g\u00fcltige Telefonnummer an. Ihre Nachricht Please type your message. Senden&hellip;","og_url":"https:\/\/avtolicar.net\/de\/kontakt-2\/","og_site_name":"AVTOLI\u010cARSTVO IN AVTOKLEPARSTVO PAPE\u017d","article_modified_time":"2025-06-11T10:39:32+00:00","og_image":[{"url":"https:\/\/avtolicar.net\/wp-content\/uploads\/2025\/06\/Papez-logo-150x150.png"}],"twitter_card":"summary_large_image","schema":{"@context":"https:\/\/schema.org","@graph":[{"@type":"WebPage","@id":"https:\/\/avtolicar.net\/de\/kontakt-2\/","url":"https:\/\/avtolicar.net\/de\/kontakt-2\/","name":"Kontakt - AVTOLI\u010cARSTVO IN AVTOKLEPARSTVO PAPE\u017d","isPartOf":{"@id":"https:\/\/avtolicar.net\/de\/#website"},"datePublished":"2019-08-07T08:46:38+00:00","dateModified":"2025-06-11T10:39:32+00:00","breadcrumb":{"@id":"https:\/\/avtolicar.net\/de\/kontakt-2\/#breadcrumb"},"inLanguage":"de-DE","potentialAction":[{"@type":"ReadAction","target":["https:\/\/avtolicar.net\/de\/kontakt-2\/"]}]},{"@type":"BreadcrumbList","@id":"https:\/\/avtolicar.net\/de\/kontakt-2\/#breadcrumb","itemListElement":[{"@type":"ListItem","position":1,"name":"Home","item":"https:\/\/avtolicar.net\/de\/"},{"@type":"ListItem","position":2,"name":"Kontakt"}]},{"@type":"WebSite","@id":"https:\/\/avtolicar.net\/de\/#website","url":"https:\/\/avtolicar.net\/de\/","name":"AVTOLI\u010cARSTVO IN AVTOKLEPARSTVO PAPE\u017d","description":"","potentialAction":[{"@type":"SearchAction","target":{"@type":"EntryPoint","urlTemplate":"https:\/\/avtolicar.net\/de\/?s={search_term_string}"},"query-input":"required name=search_term_string"}],"inLanguage":"de-DE"}]}},"_links":{"self":[{"href":"https:\/\/avtolicar.net\/de\/wp-json\/wp\/v2\/pages\/331"}],"collection":[{"href":"https:\/\/avtolicar.net\/de\/wp-json\/wp\/v2\/pages"}],"about":[{"href":"https:\/\/avtolicar.net\/de\/wp-json\/wp\/v2\/types\/page"}],"author":[{"embeddable":true,"href":"https:\/\/avtolicar.net\/de\/wp-json\/wp\/v2\/users\/1"}],"replies":[{"embeddable":true,"href":"https:\/\/avtolicar.net\/de\/wp-json\/wp\/v2\/comments?post=331"}],"version-history":[{"count":1,"href":"https:\/\/avtolicar.net\/de\/wp-json\/wp\/v2\/pages\/331\/revisions"}],"predecessor-version":[{"id":412,"href":"https:\/\/avtolicar.net\/de\/wp-json\/wp\/v2\/pages\/331\/revisions\/412"}],"wp:attachment":[{"href":"https:\/\/avtolicar.net\/de\/wp-json\/wp\/v2\/media?parent=331"}],"curies":[{"name":"wp","href":"https:\/\/api.w.org\/{rel}","templated":true}]}}