{"id":324,"date":"2019-08-07T09:46:00","date_gmt":"2019-08-07T08:46:00","guid":{"rendered":"https:\/\/avtolicar.net\/angebot\/"},"modified":"2025-06-11T11:39:11","modified_gmt":"2025-06-11T10:39:11","slug":"angebot","status":"publish","type":"page","link":"https:\/\/avtolicar.net\/de\/angebot\/","title":{"rendered":"Angebot"},"content":{"rendered":"\n\n\t\t<h1>\n\t\t\tANGEBOT\n\t\t<\/h1>\n\t\t<h4>VERTR\u00c4GE MIT VERSICHERUNGSGESELLSCHAFTEN<\/h4>\n\t\t\t<ul><li>Triglav, Sava, Generali, Grawe, Allianz, Croatia, Wiener St\u00e4dtische<\/li><li>Sch\u00e4tzung der Fahrzeuge f\u00fcr die Versicherungsgesellschaft Triglav<\/li><\/ul>\t\t\n\t\t<h4>FAHRZEUGPFLEGE<\/h4>\n\t\t\t<ul><li>Polieren der Fahrzeuge<\/li><li>Handw\u00e4sche und Autoinnenreinigung (Tiefenreinigung) der PKWs<\/li><li>Polieren bzw. Aufbereitung der Scheinwerfer<\/li><\/ul>\t\t\n\t\t<h4>FARBMISCHANLAGE<\/h4>\n\t\t\t<ul><li>Farbmischanlagen (f\u00fcr Farblacke auf Wasserbasis)<\/li><li>Mischanlage f\u00fcr Farblacke der Hersteller DUPONT, PPG, STANDOX, MIPA&#8230;<\/li><li>F\u00fcr kleine Fahrzeugreparaturen (Kratzer, kleine Punkte)<\/li><\/ul>\t\t\n\t\t<h4>ERSATZFAHRZEUG<\/h4>\n\t\t\t<ul><li>Ersatzfahrzeug f\u00fcr die Dauer der Reparaturen<\/li><\/ul>\t\t\n\t\t<h4> OLDTIMER-RESTAURIERUNG<\/h4>\n\t\t\t<ul><li>Polieren der Fahrzeuge<\/li><li>Handw\u00e4sche und Autoinnenreinigung (Tiefenreinigung) der PKWs<\/li><li>Polieren bzw. Aufbereitung der Scheinwerfer<\/li><\/ul>\t\t\n\t\t<h4>REPARATUR DER STOSSSTANGE<\/h4>\n\t\t\t<ul><li>Bei Pape\u017e f\u00fchren wir hochwertige Reparaturen von Kunststoffteilen durch. Bei Reparaturen dieser Art werden verschiedene Verfahren wie Kleben, Schwei\u00dfen und Gie\u00dfen angewandt. Vor dem Lackieren wird die Unterlage mit speziellen Materialien f\u00fcr die Reparatur und zum Schutz der PVC-Werkstoffe vorbereitet. Wir bieten die komplette und teilweise Reparaturlackierung der Sto\u00dfstange an.<\/li><\/ul>\t\t\n\t\t<h4>PKW-SCHNELLSERVICE<\/h4>\n\t\t\t<ul><li>Fahrwerkvermessung<\/li><li>Fahrzeuginspektion &#8211; Vorbereitung der Fahrzeuge auf die Hauptuntersuchung<\/li><\/ul>\t\t\n\t\t<h4>FRONTSCHEIBENWECHSEL<\/h4>\n\t\t\t<ul><li>Austausch der Windschutzscheibe an allen Fahrzeugen; auch Glasreparaturen ohne Scheibenwechsel<\/li><\/ul>\t\t\n\t\t<h4>SCHEINWERFERAUFBEREITUNG<\/h4>\n\t\t\t<ul><li>Polieren bzw. Aufbereitung der Scheinwerfer<\/li><\/ul>\t\t\n\t\t<h4>HAGEL<\/h4>\n\t\t\t<ul><li>Reparatur von Hagelsch\u00e4den ohne Lackieren<\/li><\/ul>\t\t\n\t\t<h4>FELGEN<\/h4>\n\t\t\t<ul><li>Reparaturen, Schutz und Lackieren aller Felgenarten<\/li><\/ul>\t\t\n\t\t<h4>AUTOAUFBEREITUNG VOR DEM VERKAUF<\/h4>\n\t\t\t<ul><li>Mit einer gr\u00fcndlichen Innenreinigung (Tiefenreinigung), Politur, Handw\u00e4sche und Ausbesserung der Kratzer mit Autoreparaturfarben wird Ihr Fahrzeug f\u00fcr den Verkauf vorbereitet.<\/li><\/ul>\t\t\n\t\t<h4>SCHUTZ DES FAHRGESTELLS<\/h4>\n\t\t\t <ul><li>Korrosionsschutz des Fahrgestells, der Schweller und der hohlen Fahrzeugteile f\u00fcr eine lange Lebensdauer<\/li><\/ul>\t\t\n\t\t<h4>\n\t\t\tBEN\u00d6TIGEN SIE EINE DIENSTLEISTUNG, EIN ANGEBOT ODER EINE AUSKUNFT?\n\t\t<\/h4>\n\t\t\t<p>Schreiben Sie uns eine Nachricht \u00fcber das Kontaktformular uns wir werden uns so schnell wie m\u00f6glich bei Ihnen melden!<\/p>\t\t\n\t<a href=\"https:\/\/avtolicar.net\/de\/kontakt-2\/\" target=\"_self\" role=\"button\" aria-label=\"IHRE ANFRAGE\" rel=\"noopener\">\n\t\t\t\t\t\tIHRE ANFRAGE\n\t\t\t<\/a>\n\t\t\t\t<img decoding=\"async\" loading=\"lazy\" src=\"https:\/\/avtolicar.net\/wp-content\/uploads\/2025\/06\/Papez-logo-150x150.png\" alt=\"Pape\u017e logo\" itemprop=\"image\" height=\"150\" width=\"150\" title=\"Pape\u017e logo\" onerror=\"this.style.display='none'\"  \/>\n\t\t<ul>\n\t\t\t\t\t<li>\n\t\t\t\t<h3>+386 (0)31 683 016<\/h3>\n\t\t\t<\/li>\n\t\t\t\t\t<li>\n\t\t\t\t<h3>Podjel\u0161e 2, 1241 Kamnik, Slowenien<\/h3>\n\t\t\t<\/li>\n\t\t\t\t\t<li>\n\t\t\t\t<h3>Mo. &#8211; Fr. 7.00 &#8211; 17.00 Uhr bzw. nach Vereinbarung!<\/h3>\n\t\t\t<\/li>\n\t\t\t\t<\/ul>\n\t\t<h4>\n\t\t\tIHRE ANFRAGE\n\t\t<\/h4>\n<form>\n\t<input type=\"hidden\" name=\"fl-layout-id\" value=\"324\" \/>\n    \t\t<label for=\"pp-name-\">Vor- und Nachname<\/label>\n    \t\tBitte gib Deinen Namen ein.\n    \t\t<input type=\"text\" name=\"pp-name\" id=\"pp-name-\" value=\"\" placeholder=\"Vor- und Nachname\"  \/>\n    \t\t<label for=\"pp-email-\">E-Mail<\/label>\n    \t\tBitte gib eine valide E-Mail Adresse an.\n    \t\t<input type=\"email\" name=\"pp-email\" id=\"pp-email-\" value=\"\" placeholder=\"E-Mail\"  \/>\n    \t\t<label for=\"pp-phone-\">Telefon<\/label>\n    \t\tBitte gib eine g\u00fcltige Telefonnummer an.\n    \t\t<input type=\"tel\" name=\"pp-phone\" id=\"pp-phone-\" value=\"\" placeholder=\"Telefon\"  \/>\n    \t\t<label for=\"pp-message-\">Ihre Nachricht<\/label>\n    \t\tPlease type your message.\n    \t\t<textarea name=\"pp-message\" id=\"pp-message-\" placeholder=\"Ihre Nachricht\"><\/textarea>\n    \t<a href=\"#\" target=\"_self\" role=\"button\" rel=\"noopener\">\n    \t\t    \t\t    \t\tSenden\n    \t\t    \t\t    \t<\/a>\n\t\t\tMessage failed. Please try again.\n<\/form>\n  <p>Vielen Dank! Wir werden uns so schnell wie m\u00f6glich bei Ihnen melden.<\/p>\n\n","protected":false},"excerpt":{"rendered":"<p>ANGEBOT VERTR\u00c4GE MIT VERSICHERUNGSGESELLSCHAFTEN Triglav, Sava, Generali, Grawe, Allianz, Croatia, Wiener St\u00e4dtische Sch\u00e4tzung der Fahrzeuge f\u00fcr die Versicherungsgesellschaft Triglav FAHRZEUGPFLEGE Polieren der Fahrzeuge Handw\u00e4sche und Autoinnenreinigung (Tiefenreinigung) der PKWs Polieren bzw. Aufbereitung der Scheinwerfer FARBMISCHANLAGE Farbmischanlagen (f\u00fcr Farblacke auf Wasserbasis) Mischanlage f\u00fcr Farblacke der Hersteller DUPONT, PPG, STANDOX, MIPA&#8230; F\u00fcr kleine Fahrzeugreparaturen (Kratzer, kleine Punkte)&hellip;<\/p>\n","protected":false},"author":1,"featured_media":0,"parent":0,"menu_order":0,"comment_status":"closed","ping_status":"closed","template":"","meta":[],"yoast_head":"<!-- This site is optimized with the Yoast SEO plugin v20.12 - https:\/\/yoast.com\/wordpress\/plugins\/seo\/ -->\n<title>Angebot - AVTOLI\u010cARSTVO IN AVTOKLEPARSTVO PAPE\u017d<\/title>\n<meta name=\"robots\" content=\"index, follow, max-snippet:-1, max-image-preview:large, max-video-preview:-1\" \/>\n<link rel=\"canonical\" href=\"https:\/\/avtolicar.net\/de\/angebot\/\" \/>\n<meta property=\"og:locale\" content=\"de_DE\" \/>\n<meta property=\"og:type\" content=\"article\" \/>\n<meta property=\"og:title\" content=\"Angebot - AVTOLI\u010cARSTVO IN AVTOKLEPARSTVO PAPE\u017d\" \/>\n<meta property=\"og:description\" content=\"ANGEBOT VERTR\u00c4GE MIT VERSICHERUNGSGESELLSCHAFTEN Triglav, Sava, Generali, Grawe, Allianz, Croatia, Wiener St\u00e4dtische Sch\u00e4tzung der Fahrzeuge f\u00fcr die Versicherungsgesellschaft Triglav FAHRZEUGPFLEGE Polieren der Fahrzeuge Handw\u00e4sche und Autoinnenreinigung (Tiefenreinigung) der PKWs Polieren bzw. Aufbereitung der Scheinwerfer FARBMISCHANLAGE Farbmischanlagen (f\u00fcr Farblacke auf Wasserbasis) Mischanlage f\u00fcr Farblacke der Hersteller DUPONT, PPG, STANDOX, MIPA&#8230; F\u00fcr kleine Fahrzeugreparaturen (Kratzer, kleine Punkte)&hellip;\" \/>\n<meta property=\"og:url\" content=\"https:\/\/avtolicar.net\/de\/angebot\/\" \/>\n<meta property=\"og:site_name\" content=\"AVTOLI\u010cARSTVO IN AVTOKLEPARSTVO PAPE\u017d\" \/>\n<meta property=\"article:modified_time\" content=\"2025-06-11T10:39:11+00:00\" \/>\n<meta property=\"og:image\" content=\"https:\/\/avtolicar.net\/wp-content\/uploads\/2025\/06\/Papez-logo-150x150.png\" \/>\n<meta name=\"twitter:card\" content=\"summary_large_image\" \/>\n<meta name=\"twitter:label1\" content=\"Est. reading time\" \/>\n\t<meta name=\"twitter:data1\" content=\"2 Minuten\" \/>\n<script type=\"application\/ld+json\" class=\"yoast-schema-graph\">{\"@context\":\"https:\/\/schema.org\",\"@graph\":[{\"@type\":\"WebPage\",\"@id\":\"https:\/\/avtolicar.net\/de\/angebot\/\",\"url\":\"https:\/\/avtolicar.net\/de\/angebot\/\",\"name\":\"Angebot - AVTOLI\u010cARSTVO IN AVTOKLEPARSTVO PAPE\u017d\",\"isPartOf\":{\"@id\":\"https:\/\/avtolicar.net\/de\/#website\"},\"datePublished\":\"2019-08-07T08:46:00+00:00\",\"dateModified\":\"2025-06-11T10:39:11+00:00\",\"breadcrumb\":{\"@id\":\"https:\/\/avtolicar.net\/de\/angebot\/#breadcrumb\"},\"inLanguage\":\"de-DE\",\"potentialAction\":[{\"@type\":\"ReadAction\",\"target\":[\"https:\/\/avtolicar.net\/de\/angebot\/\"]}]},{\"@type\":\"BreadcrumbList\",\"@id\":\"https:\/\/avtolicar.net\/de\/angebot\/#breadcrumb\",\"itemListElement\":[{\"@type\":\"ListItem\",\"position\":1,\"name\":\"Home\",\"item\":\"https:\/\/avtolicar.net\/de\/\"},{\"@type\":\"ListItem\",\"position\":2,\"name\":\"Angebot\"}]},{\"@type\":\"WebSite\",\"@id\":\"https:\/\/avtolicar.net\/de\/#website\",\"url\":\"https:\/\/avtolicar.net\/de\/\",\"name\":\"AVTOLI\u010cARSTVO IN AVTOKLEPARSTVO PAPE\u017d\",\"description\":\"\",\"potentialAction\":[{\"@type\":\"SearchAction\",\"target\":{\"@type\":\"EntryPoint\",\"urlTemplate\":\"https:\/\/avtolicar.net\/de\/?s={search_term_string}\"},\"query-input\":\"required name=search_term_string\"}],\"inLanguage\":\"de-DE\"}]}<\/script>\n<!-- \/ Yoast SEO plugin. -->","yoast_head_json":{"title":"Angebot - AVTOLI\u010cARSTVO IN AVTOKLEPARSTVO PAPE\u017d","robots":{"index":"index","follow":"follow","max-snippet":"max-snippet:-1","max-image-preview":"max-image-preview:large","max-video-preview":"max-video-preview:-1"},"canonical":"https:\/\/avtolicar.net\/de\/angebot\/","og_locale":"de_DE","og_type":"article","og_title":"Angebot - AVTOLI\u010cARSTVO IN AVTOKLEPARSTVO PAPE\u017d","og_description":"ANGEBOT VERTR\u00c4GE MIT VERSICHERUNGSGESELLSCHAFTEN Triglav, Sava, Generali, Grawe, Allianz, Croatia, Wiener St\u00e4dtische Sch\u00e4tzung der Fahrzeuge f\u00fcr die Versicherungsgesellschaft Triglav FAHRZEUGPFLEGE Polieren der Fahrzeuge Handw\u00e4sche und Autoinnenreinigung (Tiefenreinigung) der PKWs Polieren bzw. Aufbereitung der Scheinwerfer FARBMISCHANLAGE Farbmischanlagen (f\u00fcr Farblacke auf Wasserbasis) Mischanlage f\u00fcr Farblacke der Hersteller DUPONT, PPG, STANDOX, MIPA&#8230; F\u00fcr kleine Fahrzeugreparaturen (Kratzer, kleine Punkte)&hellip;","og_url":"https:\/\/avtolicar.net\/de\/angebot\/","og_site_name":"AVTOLI\u010cARSTVO IN AVTOKLEPARSTVO PAPE\u017d","article_modified_time":"2025-06-11T10:39:11+00:00","og_image":[{"url":"https:\/\/avtolicar.net\/wp-content\/uploads\/2025\/06\/Papez-logo-150x150.png"}],"twitter_card":"summary_large_image","twitter_misc":{"Est. reading time":"2 Minuten"},"schema":{"@context":"https:\/\/schema.org","@graph":[{"@type":"WebPage","@id":"https:\/\/avtolicar.net\/de\/angebot\/","url":"https:\/\/avtolicar.net\/de\/angebot\/","name":"Angebot - AVTOLI\u010cARSTVO IN AVTOKLEPARSTVO PAPE\u017d","isPartOf":{"@id":"https:\/\/avtolicar.net\/de\/#website"},"datePublished":"2019-08-07T08:46:00+00:00","dateModified":"2025-06-11T10:39:11+00:00","breadcrumb":{"@id":"https:\/\/avtolicar.net\/de\/angebot\/#breadcrumb"},"inLanguage":"de-DE","potentialAction":[{"@type":"ReadAction","target":["https:\/\/avtolicar.net\/de\/angebot\/"]}]},{"@type":"BreadcrumbList","@id":"https:\/\/avtolicar.net\/de\/angebot\/#breadcrumb","itemListElement":[{"@type":"ListItem","position":1,"name":"Home","item":"https:\/\/avtolicar.net\/de\/"},{"@type":"ListItem","position":2,"name":"Angebot"}]},{"@type":"WebSite","@id":"https:\/\/avtolicar.net\/de\/#website","url":"https:\/\/avtolicar.net\/de\/","name":"AVTOLI\u010cARSTVO IN AVTOKLEPARSTVO PAPE\u017d","description":"","potentialAction":[{"@type":"SearchAction","target":{"@type":"EntryPoint","urlTemplate":"https:\/\/avtolicar.net\/de\/?s={search_term_string}"},"query-input":"required name=search_term_string"}],"inLanguage":"de-DE"}]}},"_links":{"self":[{"href":"https:\/\/avtolicar.net\/de\/wp-json\/wp\/v2\/pages\/324"}],"collection":[{"href":"https:\/\/avtolicar.net\/de\/wp-json\/wp\/v2\/pages"}],"about":[{"href":"https:\/\/avtolicar.net\/de\/wp-json\/wp\/v2\/types\/page"}],"author":[{"embeddable":true,"href":"https:\/\/avtolicar.net\/de\/wp-json\/wp\/v2\/users\/1"}],"replies":[{"embeddable":true,"href":"https:\/\/avtolicar.net\/de\/wp-json\/wp\/v2\/comments?post=324"}],"version-history":[{"count":3,"href":"https:\/\/avtolicar.net\/de\/wp-json\/wp\/v2\/pages\/324\/revisions"}],"predecessor-version":[{"id":411,"href":"https:\/\/avtolicar.net\/de\/wp-json\/wp\/v2\/pages\/324\/revisions\/411"}],"wp:attachment":[{"href":"https:\/\/avtolicar.net\/de\/wp-json\/wp\/v2\/media?parent=324"}],"curies":[{"name":"wp","href":"https:\/\/api.w.org\/{rel}","templated":true}]}}