{"id":323,"date":"2019-08-07T09:46:16","date_gmt":"2019-08-07T08:46:16","guid":{"rendered":"https:\/\/avtolicar.net\/ueber-uns\/"},"modified":"2024-05-07T09:02:30","modified_gmt":"2024-05-07T08:02:30","slug":"ueber-uns","status":"publish","type":"page","link":"https:\/\/avtolicar.net\/de\/ueber-uns\/","title":{"rendered":"\u00dcber uns"},"content":{"rendered":"\n\n\t\t<h1>\n\t\t\t\u00dcBER UNS\n\t\t<\/h1>\n\t<h2>Kfz Lackiererei und Spenglerei Pape\u017e<\/h2>\n<p>Kfz-Lackiererei, Kfz-Spenglerei und Autowerkstatt f\u00fcr PKW und LKW<\/p>\n<ul>\n<li>Autospenglerei (Richtbank)<\/li>\n<li>Sandstrahlen der Fahrzeuge<\/li>\n<li>Reparaturen aller Felgenarten<\/li>\n<li>Computergest\u00fctzte Fahrzeugdiagnose (Motor-Reset)<\/li>\n<li>Kontrolle, Diagnose, Bef\u00fcllen und Desinfizieren der Klimaanlagen<\/li>\n<li>Lackierkabine USI (Spritzkammer)<\/li>\n<li>Fahrwerkvermessung<\/li>\n<li>Ersatzfahrzeug<\/li>\n<li>Farben mischen<\/li>\n<li>Autokosmetik<\/li>\n<li>Schneller Fahrzeugservice<\/li>\n<li>Oldtimer-Restaurierung<\/li>\n<li>Schutz des Fahrgestells<\/li>\n<li>Aufbereitung der Scheinwerfer<\/li>\n<li>Reparatur von Hagelsch\u00e4den ohne Lackieren<\/li>\n<li>Frontscheibenwechsel an allen Fahrzeugen<\/li>\n<\/ul>\n<p><strong>Vertr\u00e4ge mit Versicherungsgesellschaften:<\/strong><\/p>\n<ul>\n<li>Triglav, Sava, Generali, Grawe, Allianz, Croatia, Wiener St\u00e4dtische Versicherung<\/li>\n<li>Sch\u00e4tzung der Fahrzeuge f\u00fcr die Versicherungsgesellschaft Zavarovalnica Triglav<\/li>\n<\/ul>\n<p>Im Unternehmen Pape\u017e erm\u00f6glichen wir den Sch\u00fclern der Berufs- und Mittelschulen der <strong>Fachrichtung Wirtschaftstechniker<\/strong>\/in sowie Karosserie- und <strong> Fahrzeugbaumechaniker\/innen<\/strong> das Absolvieren eines Praktikums.<\/p>\n\t\t<h4>\n\t\t\tBEN\u00d6TIGEN SIE EINE DIENSTLEISTUNG, EIN ANGEBOT ODER EINE AUSKUNFT?\n\t\t<\/h4>\n\t\t\t<p>Schreiben Sie uns eine Nachricht \u00fcber das Kontaktformular uns wir werden uns so schnell wie m\u00f6glich bei Ihnen melden!<\/p>\t\t\n\t<a href=\"https:\/\/avtolicar.net\/de\/kontakt-2\/\" target=\"_self\" role=\"button\" aria-label=\"IHRE ANFRAGE\" rel=\"noopener\">\n\t\t\t\t\t\tIHRE ANFRAGE\n\t\t\t<\/a>\n\n","protected":false},"excerpt":{"rendered":"<p>\u00dcBER UNS Kfz Lackiererei und Spenglerei Pape\u017e Kfz-Lackiererei, Kfz-Spenglerei und Autowerkstatt f\u00fcr PKW und LKW Autospenglerei (Richtbank) Sandstrahlen der Fahrzeuge Reparaturen aller Felgenarten Computergest\u00fctzte Fahrzeugdiagnose (Motor-Reset) Kontrolle, Diagnose, Bef\u00fcllen und Desinfizieren der Klimaanlagen Lackierkabine USI (Spritzkammer) Fahrwerkvermessung Ersatzfahrzeug Farben mischen Autokosmetik Schneller Fahrzeugservice Oldtimer-Restaurierung Schutz des Fahrgestells Aufbereitung der Scheinwerfer Reparatur von Hagelsch\u00e4den ohne Lackieren&hellip;<\/p>\n","protected":false},"author":1,"featured_media":0,"parent":0,"menu_order":0,"comment_status":"closed","ping_status":"closed","template":"","meta":[],"yoast_head":"<!-- This site is optimized with the Yoast SEO plugin v20.12 - https:\/\/yoast.com\/wordpress\/plugins\/seo\/ -->\n<title>\u00dcber uns - AVTOLI\u010cARSTVO IN AVTOKLEPARSTVO PAPE\u017d<\/title>\n<meta name=\"robots\" content=\"index, follow, max-snippet:-1, max-image-preview:large, max-video-preview:-1\" \/>\n<link rel=\"canonical\" href=\"https:\/\/avtolicar.net\/de\/ueber-uns\/\" \/>\n<meta property=\"og:locale\" content=\"de_DE\" \/>\n<meta property=\"og:type\" content=\"article\" \/>\n<meta property=\"og:title\" content=\"\u00dcber uns - AVTOLI\u010cARSTVO IN AVTOKLEPARSTVO PAPE\u017d\" \/>\n<meta property=\"og:description\" content=\"\u00dcBER UNS Kfz Lackiererei und Spenglerei Pape\u017e Kfz-Lackiererei, Kfz-Spenglerei und Autowerkstatt f\u00fcr PKW und LKW Autospenglerei (Richtbank) Sandstrahlen der Fahrzeuge Reparaturen aller Felgenarten Computergest\u00fctzte Fahrzeugdiagnose (Motor-Reset) Kontrolle, Diagnose, Bef\u00fcllen und Desinfizieren der Klimaanlagen Lackierkabine USI (Spritzkammer) Fahrwerkvermessung Ersatzfahrzeug Farben mischen Autokosmetik Schneller Fahrzeugservice Oldtimer-Restaurierung Schutz des Fahrgestells Aufbereitung der Scheinwerfer Reparatur von Hagelsch\u00e4den ohne Lackieren&hellip;\" \/>\n<meta property=\"og:url\" content=\"https:\/\/avtolicar.net\/de\/ueber-uns\/\" \/>\n<meta property=\"og:site_name\" content=\"AVTOLI\u010cARSTVO IN AVTOKLEPARSTVO PAPE\u017d\" \/>\n<meta property=\"article:modified_time\" content=\"2024-05-07T08:02:30+00:00\" \/>\n<meta name=\"twitter:card\" content=\"summary_large_image\" \/>\n<meta name=\"twitter:label1\" content=\"Est. reading time\" \/>\n\t<meta name=\"twitter:data1\" content=\"1 Minute\" \/>\n<script type=\"application\/ld+json\" class=\"yoast-schema-graph\">{\"@context\":\"https:\/\/schema.org\",\"@graph\":[{\"@type\":\"WebPage\",\"@id\":\"https:\/\/avtolicar.net\/de\/ueber-uns\/\",\"url\":\"https:\/\/avtolicar.net\/de\/ueber-uns\/\",\"name\":\"\u00dcber uns - AVTOLI\u010cARSTVO IN AVTOKLEPARSTVO PAPE\u017d\",\"isPartOf\":{\"@id\":\"https:\/\/avtolicar.net\/de\/#website\"},\"datePublished\":\"2019-08-07T08:46:16+00:00\",\"dateModified\":\"2024-05-07T08:02:30+00:00\",\"breadcrumb\":{\"@id\":\"https:\/\/avtolicar.net\/de\/ueber-uns\/#breadcrumb\"},\"inLanguage\":\"de-DE\",\"potentialAction\":[{\"@type\":\"ReadAction\",\"target\":[\"https:\/\/avtolicar.net\/de\/ueber-uns\/\"]}]},{\"@type\":\"BreadcrumbList\",\"@id\":\"https:\/\/avtolicar.net\/de\/ueber-uns\/#breadcrumb\",\"itemListElement\":[{\"@type\":\"ListItem\",\"position\":1,\"name\":\"Home\",\"item\":\"https:\/\/avtolicar.net\/de\/\"},{\"@type\":\"ListItem\",\"position\":2,\"name\":\"\u00dcber uns\"}]},{\"@type\":\"WebSite\",\"@id\":\"https:\/\/avtolicar.net\/de\/#website\",\"url\":\"https:\/\/avtolicar.net\/de\/\",\"name\":\"AVTOLI\u010cARSTVO IN AVTOKLEPARSTVO PAPE\u017d\",\"description\":\"\",\"potentialAction\":[{\"@type\":\"SearchAction\",\"target\":{\"@type\":\"EntryPoint\",\"urlTemplate\":\"https:\/\/avtolicar.net\/de\/?s={search_term_string}\"},\"query-input\":\"required name=search_term_string\"}],\"inLanguage\":\"de-DE\"}]}<\/script>\n<!-- \/ Yoast SEO plugin. -->","yoast_head_json":{"title":"\u00dcber uns - AVTOLI\u010cARSTVO IN AVTOKLEPARSTVO PAPE\u017d","robots":{"index":"index","follow":"follow","max-snippet":"max-snippet:-1","max-image-preview":"max-image-preview:large","max-video-preview":"max-video-preview:-1"},"canonical":"https:\/\/avtolicar.net\/de\/ueber-uns\/","og_locale":"de_DE","og_type":"article","og_title":"\u00dcber uns - AVTOLI\u010cARSTVO IN AVTOKLEPARSTVO PAPE\u017d","og_description":"\u00dcBER UNS Kfz Lackiererei und Spenglerei Pape\u017e Kfz-Lackiererei, Kfz-Spenglerei und Autowerkstatt f\u00fcr PKW und LKW Autospenglerei (Richtbank) Sandstrahlen der Fahrzeuge Reparaturen aller Felgenarten Computergest\u00fctzte Fahrzeugdiagnose (Motor-Reset) Kontrolle, Diagnose, Bef\u00fcllen und Desinfizieren der Klimaanlagen Lackierkabine USI (Spritzkammer) Fahrwerkvermessung Ersatzfahrzeug Farben mischen Autokosmetik Schneller Fahrzeugservice Oldtimer-Restaurierung Schutz des Fahrgestells Aufbereitung der Scheinwerfer Reparatur von Hagelsch\u00e4den ohne Lackieren&hellip;","og_url":"https:\/\/avtolicar.net\/de\/ueber-uns\/","og_site_name":"AVTOLI\u010cARSTVO IN AVTOKLEPARSTVO PAPE\u017d","article_modified_time":"2024-05-07T08:02:30+00:00","twitter_card":"summary_large_image","twitter_misc":{"Est. reading time":"1 Minute"},"schema":{"@context":"https:\/\/schema.org","@graph":[{"@type":"WebPage","@id":"https:\/\/avtolicar.net\/de\/ueber-uns\/","url":"https:\/\/avtolicar.net\/de\/ueber-uns\/","name":"\u00dcber uns - AVTOLI\u010cARSTVO IN AVTOKLEPARSTVO PAPE\u017d","isPartOf":{"@id":"https:\/\/avtolicar.net\/de\/#website"},"datePublished":"2019-08-07T08:46:16+00:00","dateModified":"2024-05-07T08:02:30+00:00","breadcrumb":{"@id":"https:\/\/avtolicar.net\/de\/ueber-uns\/#breadcrumb"},"inLanguage":"de-DE","potentialAction":[{"@type":"ReadAction","target":["https:\/\/avtolicar.net\/de\/ueber-uns\/"]}]},{"@type":"BreadcrumbList","@id":"https:\/\/avtolicar.net\/de\/ueber-uns\/#breadcrumb","itemListElement":[{"@type":"ListItem","position":1,"name":"Home","item":"https:\/\/avtolicar.net\/de\/"},{"@type":"ListItem","position":2,"name":"\u00dcber uns"}]},{"@type":"WebSite","@id":"https:\/\/avtolicar.net\/de\/#website","url":"https:\/\/avtolicar.net\/de\/","name":"AVTOLI\u010cARSTVO IN AVTOKLEPARSTVO PAPE\u017d","description":"","potentialAction":[{"@type":"SearchAction","target":{"@type":"EntryPoint","urlTemplate":"https:\/\/avtolicar.net\/de\/?s={search_term_string}"},"query-input":"required name=search_term_string"}],"inLanguage":"de-DE"}]}},"_links":{"self":[{"href":"https:\/\/avtolicar.net\/de\/wp-json\/wp\/v2\/pages\/323"}],"collection":[{"href":"https:\/\/avtolicar.net\/de\/wp-json\/wp\/v2\/pages"}],"about":[{"href":"https:\/\/avtolicar.net\/de\/wp-json\/wp\/v2\/types\/page"}],"author":[{"embeddable":true,"href":"https:\/\/avtolicar.net\/de\/wp-json\/wp\/v2\/users\/1"}],"replies":[{"embeddable":true,"href":"https:\/\/avtolicar.net\/de\/wp-json\/wp\/v2\/comments?post=323"}],"version-history":[{"count":1,"href":"https:\/\/avtolicar.net\/de\/wp-json\/wp\/v2\/pages\/323\/revisions"}],"predecessor-version":[{"id":357,"href":"https:\/\/avtolicar.net\/de\/wp-json\/wp\/v2\/pages\/323\/revisions\/357"}],"wp:attachment":[{"href":"https:\/\/avtolicar.net\/de\/wp-json\/wp\/v2\/media?parent=323"}],"curies":[{"name":"wp","href":"https:\/\/api.w.org\/{rel}","templated":true}]}}