{"id":321,"date":"2019-07-22T15:05:25","date_gmt":"2019-07-22T14:05:25","guid":{"rendered":"https:\/\/avtolicar.net\/zur-startseite\/"},"modified":"2025-06-11T11:39:56","modified_gmt":"2025-06-11T10:39:56","slug":"zur-startseite","status":"publish","type":"page","link":"https:\/\/avtolicar.net\/de\/","title":{"rendered":"Zur Startseite"},"content":{"rendered":"\n\n\t\t<h2>\n\t\t\tKFZ LACKIEREREI UND SPENGLEREI PAPE\u017d\n\t\t<\/h2>\n\t<a href=\"#povprasevanje\" target=\"_self\" role=\"button\" aria-label=\"IHRE ANFRAGE\" rel=\"noopener\">\n\t\t\t\t\t\tIHRE ANFRAGE\n\t\t\t<\/a>\n\t\t<h3>\n\t\t\tKFZ LACKIEREREI UND SPENGLEREI PAPE\u017d\n\t\t\t\t\t\t\t\t\t\t\tKfz-Lackiererei, Kfz-Spenglerei und Autowerkstatt f\u00fcr PKW und LKW\n\t\t<\/h3>\n\t\t<h4>VERTR\u00c4GE MIT VERSICHERUNGSGESELLSCHAFTEN<\/h4>\n\t\t\t<ul><li>Triglav, Sava, Generali, Grawe, Allianz, Croatia, Wiener St\u00e4dtische Versicherung<\/li><li>Sch\u00e4tzung der Fahrzeuge f\u00fcr die Versicherungsgesellschaft Zavarovalnica Triglav<\/li><\/ul>\t\t\n\t\t<h4>FAHRZEUGPFLEGE<\/h4>\n\t\t\t<ul><li>Polieren der Fahrzeuge<\/li><li>Handw\u00e4sche und Autoinnenreinigung (Tiefenreinigung) der PKWs<\/li><li>Polieren bzw. Aufbereitung der Scheinwerfer<\/li><\/ul>\t\t\n\t\t<h4>FARBMISCHANLAGE<\/h4>\n\t\t\t<ul><li>Farbmischanlagen (f\u00fcr Farblacke auf Wasserbasis)<\/li><li>Mischanlage f\u00fcr Farblacke der Hersteller DUPONT, PPG, STANDOX, MIPA &#8230;<\/li><li>F\u00fcr kleine Fahrzeugreparaturen (Kratzer, kleine Punkte)<\/li><\/ul>\t\t\n\t\t<h4>ERSATZFAHRZEUG<\/h4>\n\t\t\t<ul><li>Ersatzfahrzeug f\u00fcr die Dauer der Reparaturen<\/li><\/ul>\t\t\n\t\t<h4>\n\t\t\tBEN\u00d6TIGEN SIE EINE DIENSTLEISTUNG, EIN ANGEBOT ODER EINE AUSKUNFT?\n\t\t<\/h4>\n\t\t\t<p>Schreiben Sie uns eine Nachricht \u00fcber das Kontaktformular uns wir werden uns so schnell wie m\u00f6glich bei Ihnen melden!<\/p>\t\t\n\t<a href=\"#povprasevanje\" target=\"_self\" role=\"button\" aria-label=\"IHRE ANFRAGE\" rel=\"noopener\">\n\t\t\t\t\t\tIHRE ANFRAGE\n\t\t\t<\/a>\n\t\t<h4> OLDTIMER-RESTAURIERUNG<\/h4>\n\t\t\t<ul><li>Polieren der Fahrzeuge<\/li><li>Handw\u00e4sche und Autoinnenreinigung (Tiefenreinigung) der PKWs<\/li><li>Polieren bzw. Aufbereitung der Scheinwerfer<\/li><\/ul>\t\t\n\t\t<h4>REPARATUR DER STOSSSTANGE<\/h4>\n\t\t\t<ul><li>Bei Pape\u017e f\u00fchren wir hochwertige Reparaturen von Kunststoffteilen durch. Bei Reparaturen dieser Art werden verschiedene Verfahren wie Kleben, Schwei\u00dfen und Gie\u00dfen angewandt. Vor dem Lackieren wird die Unterlage mit speziellen Materialien f\u00fcr die Reparatur und zum Schutz der PVC-Werkstoffe vorbereitet. Wir bieten die komplette und teilweise Reparaturlackierung der Sto\u00dfstange an.<\/li><\/ul>\t\t\n\t\t<h4>PKW-SCHNELLSERVICE<\/h4>\n\t\t\t<ul><li>Fahrwerkvermessung<\/li><li>Fahrzeuginspektion &#8211; Vorbereitung der Fahrzeuge auf die Hauptuntersuchung<\/li><\/ul>\t\t\n\t\t<h4>FRONTSCHEIBENWECHSEL<\/h4>\n\t\t\t<ul><li>Austausch der Windschutzscheibe an allen Fahrzeugen; auch Glasreparaturen ohne Scheibenwechsel<\/li><\/ul>\t\t\n\t\t<h4>SCHEINWERFERAUFBEREITUNG<\/h4>\n\t\t\t<ul><li>Polieren bzw. Aufbereitung der Scheinwerfer<\/li><\/ul>\t\t\n\t\t<h4>HAGEL<\/h4>\n\t\t\t<ul><li>Reparatur von Hagelsch\u00e4den ohne Lackieren<\/li><\/ul>\t\t\n\t\t<h4>FELGEN<\/h4>\n\t\t\t<ul><li>Reparaturen, Schutz und Lackieren aller Felgenarten<\/li><\/ul>\t\t\n\t\t<h4>AUTOAUFBEREITUNG VOR DEM VERKAUF<\/h4>\n\t\t\t<ul><li>Mit einer gr\u00fcndlichen Innenreinigung (Tiefenreinigung), Politur, Handw\u00e4sche und Ausbesserung der Kratzer mit Autoreparaturfarben wird Ihr Fahrzeug f\u00fcr den Verkauf vorbereitet.<\/li><\/ul>\t\t\n\t\t<h4>SCHUTZ DES FAHRGESTELLS<\/h4>\n\t\t\t<ul><li>Korrosionsschutz des Fahrgestells, der Schweller und der hohlen Fahrzeugteile f\u00fcr eine lange Lebensdauer<\/li><\/ul>\t\t\n\t<iframe loading=\"lazy\" width=\"345\" height=\"224\" src=\"https:\/\/www.youtube.com\/embed\/gbbdduPyQKk\" frameborder=\"0\" allow=\"accelerometer; autoplay; encrypted-media; gyroscope; picture-in-picture\" allowfullscreen><\/iframe>\n\t\t<h3>\n\t\t\tM\u00f6glichkeit einer Anstellung im Unternehmen Avtoli\u010darstvo in avtokleparstvo Pape\u017e d.o.o.\n\t\t<\/h3>\n\t\t\t<p>Wir laden neue Mitarbeiter in unser kompetentes und qualifiziertes Team:<ul><li><strong>Autolackierer\/M<\/strong><\/li><\/ul>Arbeitsaufgaben: Lackierarbeiten an PKW und LKW, Arbeitserfahrung und entsprechende Berufsausbildung erforderlich, 3 Monate Probezeit, M\u00f6glichkeit einer Festanstellung mit einem unbefristeten Arbeitsvertrag.<ul><li><strong>Autolackierer &#8211; Helfer\/M<\/strong><\/li><\/ul>Arbeitsaufgaben: Hilfsarbeiten an PKW und LKW; Arbeitserfahrung erw\u00fcnscht, 3 Monate Probezeit, M\u00f6glichkeit der Ausbildung, M\u00f6glichkeit der Festanstellung mit einem unbefristeten Arbeitsvertrag.<u>Informationen:<\/u><br \/>AVTOLI\u010cARSTVO IN AVTOKLEPARSTVO PAPE\u017d (Kfz-Lackiererei und Spenglerei)<br \/>Podjel\u0161e 2, 1241 Kamnik, Slowenien<br \/>Telefon: +386 0<a href=\"tel:031683016\">31 683 016 <\/a><br \/><a href=\"mailto:info@avtolicarstvo-papez.si\">info@avtolicarstvo-papez.si<\/a><\/p>\t\t\n\t\t<h3>\n\t\t\tNews\n\t\t<\/h3>\n\t<meta itemscope itemprop=\"mainEntityOfPage\" itemtype=\"https:\/\/schema.org\/WebPage\" itemid=\"https:\/\/avtolicar.net\/de\/unkategorisiert\/restavriranje-starodobnih-vozil-2\/\" content=\"RESTAVRIRANJE STARODOBNIH VOZIL\" \/><meta itemprop=\"datePublished\" content=\"2021-03-23\" \/><meta itemprop=\"dateModified\" content=\"2021-03-23\" \/><meta itemprop=\"name\" content=\"AVTOLI\u010cARSTVO IN AVTOKLEPARSTVO PAPE\u017d\"\/><meta itemprop=\"url\" content=\"https:\/\/avtolicar.net\/wp-content\/uploads\/2019\/08\/e88a77af-5a1c-463c-989b-c8f9e7011a0c.jpg\"\/><meta itemprop=\"url\" content=\"https:\/\/avtolicar.net\/de\/author\/admin\/\" \/><meta itemprop=\"name\" content=\"admin\" \/><meta itemprop=\"url\" content=\"https:\/\/avtolicar.net\/wp-content\/uploads\/2021\/03\/c3BgcYrW.jpg\" \/><meta itemprop=\"width\" content=\"400\" \/><meta itemprop=\"height\" content=\"299\" \/><meta itemprop=\"interactionType\" content=\"https:\/\/schema.org\/CommentAction\" \/><meta itemprop=\"userInteractionCount\" content=\"0\" \/>\n\t\t\t\t\t<a href=\"https:\/\/avtolicar.net\/de\/unkategorisiert\/restavriranje-starodobnih-vozil-2\/\" title=\"RESTAVRIRANJE STARODOBNIH VOZIL\"><\/a>\n\t\t\t\t<img decoding=\"async\" loading=\"lazy\" src=\"https:\/\/avtolicar.net\/wp-content\/uploads\/bb-plugin\/cache\/c3BgcYrW-landscape-f439c1462c340a56156327bb2a164618-.jpg\" alt=\"c3BgcYrW\" itemprop=\"image\" data-no-lazy=\"1\" height=\"299\" width=\"400\" title=\"c3BgcYrW\" onerror=\"this.style.display='none'\"  \/>\n\t\t\t\t\t\t\t\t\t23\n\t\t\t\t\tMrz\n\t\t\t\t\t\t\t\t\t<h3 itemprop=\"headline\">\n\t\t\t\t\t\t\t\t\t\t\t\t\t\tRESTAVRIRANJE STARODOBNIH VOZIL\t\t\t\t\t\t\t\t\t\t\t<\/h3>\n    <p>Ni posebnega pravila, kje za\u010deti z razstavljanjem. Pri nas se obi\u010dajno lotimo najprej z razstavljanja odbija\u010dev, blatnikov, lu\u010di in stekel. Ko smo vse to odstranili, se lotimo vozila znotraj in odstranimo \u0161e sede\u0163e, tapete in strop. Potem je na vrsti lo\u010devanje karoserije od podvozja, odstranitev motorja in menjalnika ter elektri\u010dne napeljave. Ko se vozilo razstavi,&hellip;<\/p>\n\t<meta itemscope itemprop=\"mainEntityOfPage\" itemtype=\"https:\/\/schema.org\/WebPage\" itemid=\"https:\/\/avtolicar.net\/de\/unkategorisiert\/avtolicarske-storitve-2\/\" content=\"Avtoli\u010darske storitve\" \/><meta itemprop=\"datePublished\" content=\"2021-03-23\" \/><meta itemprop=\"dateModified\" content=\"2021-03-23\" \/><meta itemprop=\"name\" content=\"AVTOLI\u010cARSTVO IN AVTOKLEPARSTVO PAPE\u017d\"\/><meta itemprop=\"url\" content=\"https:\/\/avtolicar.net\/wp-content\/uploads\/2019\/08\/e88a77af-5a1c-463c-989b-c8f9e7011a0c.jpg\"\/><meta itemprop=\"url\" content=\"https:\/\/avtolicar.net\/de\/author\/admin\/\" \/><meta itemprop=\"name\" content=\"admin\" \/><meta itemprop=\"url\" content=\"https:\/\/avtolicar.net\/wp-content\/uploads\/2021\/03\/oenyo5wx.jpg\" \/><meta itemprop=\"width\" content=\"400\" \/><meta itemprop=\"height\" content=\"300\" \/><meta itemprop=\"interactionType\" content=\"https:\/\/schema.org\/CommentAction\" \/><meta itemprop=\"userInteractionCount\" content=\"0\" \/>\n\t\t\t\t\t<a href=\"https:\/\/avtolicar.net\/de\/unkategorisiert\/avtolicarske-storitve-2\/\" title=\"Avtoli\u010darske storitve\"><\/a>\n\t\t\t\t<img decoding=\"async\" loading=\"lazy\" src=\"https:\/\/avtolicar.net\/wp-content\/uploads\/bb-plugin\/cache\/oenyo5wx-landscape-ef30f82fe01e0f9d131009fc459fdc70-.jpg\" alt=\"oenyo5wx\" itemprop=\"image\" data-no-lazy=\"1\" height=\"300\" width=\"400\" title=\"oenyo5wx\" onerror=\"this.style.display='none'\"  \/>\n\t\t\t\t\t\t\t\t\t23\n\t\t\t\t\tMrz\n\t\t\t\t\t\t\t\t\t<h3 itemprop=\"headline\">\n\t\t\t\t\t\t\t\t\t\t\t\t\t\tAvtoli\u010darske storitve\t\t\t\t\t\t\t\t\t\t\t<\/h3>\n    <p>Vsa avtoli\u010darska dela temeljijo na visoko kvalitetnih materialih. Najprej odpravimo rjo z brusenjem, nato predel za\u0161\u010ditimo s temelji. Temelji (za\u0161\u010dita proti rji) in predlaki so na dvokomponentni osnovi kakor tudi vsi za\u0161\u010ditni antikorozijski premazi in mase (tesnilne mase najbolj\u0161ih proizvajalcev). Nato nanesemo predlak, ga zbrusimo do gladkosti. Avto zapeljemo v brizgalno, lakirno-su\u0161ilno komoro, kjer vozilo&hellip;<\/p>\n\t<meta itemscope itemprop=\"mainEntityOfPage\" itemtype=\"https:\/\/schema.org\/WebPage\" itemid=\"https:\/\/avtolicar.net\/de\/unkategorisiert\/20-gorski-tek-na-grintovec-2019-2\/\" content=\"20. gorski tek na Grintovec 2019\" \/><meta itemprop=\"datePublished\" content=\"2019-06-28\" \/><meta itemprop=\"dateModified\" content=\"2019-06-28\" \/><meta itemprop=\"name\" content=\"AVTOLI\u010cARSTVO IN AVTOKLEPARSTVO PAPE\u017d\"\/><meta itemprop=\"url\" content=\"https:\/\/avtolicar.net\/wp-content\/uploads\/2019\/08\/e88a77af-5a1c-463c-989b-c8f9e7011a0c.jpg\"\/><meta itemprop=\"url\" content=\"https:\/\/avtolicar.net\/de\/author\/admin\/\" \/><meta itemprop=\"name\" content=\"admin\" \/><meta itemprop=\"url\" content=\"https:\/\/avtolicar.net\/wp-content\/uploads\/2020\/03\/wp_upload_proxy313798125..jpg\" \/><meta itemprop=\"width\" content=\"2500\" \/><meta itemprop=\"height\" content=\"1660\" \/><meta itemprop=\"interactionType\" content=\"https:\/\/schema.org\/CommentAction\" \/><meta itemprop=\"userInteractionCount\" content=\"0\" \/>\n\t\t\t\t\t<a href=\"https:\/\/avtolicar.net\/de\/unkategorisiert\/20-gorski-tek-na-grintovec-2019-2\/\" title=\"20. gorski tek na Grintovec 2019\"><\/a>\n\t\t\t\t<img decoding=\"async\" loading=\"lazy\" src=\"https:\/\/avtolicar.net\/wp-content\/uploads\/bb-plugin\/cache\/wp_upload_proxy313798125.-1024x680-landscape-a2c4613d2a4e8d6e5fa7715a2d93727b-.jpg\" alt=\"wp_upload_proxy313798125.\" itemprop=\"image\" data-no-lazy=\"1\" height=\"680\" width=\"1024\" title=\"wp_upload_proxy313798125.\" onerror=\"this.style.display='none'\"  \/>\n\t\t\t\t\t\t\t\t\t28\n\t\t\t\t\tJun\n\t\t\t\t\t\t\t\t\t<h3 itemprop=\"headline\">\n\t\t\t\t\t\t\t\t\t\t\t\t\t\t20. gorski tek na Grintovec 2019\t\t\t\t\t\t\t\t\t\t\t<\/h3>\n    <p>Smo ponosni glavni sponzor Teka na Grintovec, teka za kralje vi\u0161in<\/p>\n\t\t<!-- .pp-content-posts -->\n\t\t<h4>\n\t\t\tBEN\u00d6TIGEN SIE EINE DIENSTLEISTUNG, EIN ANGEBOT ODER EINE AUSKUNFT?\n\t\t<\/h4>\n\t\t\t<p>Schreiben Sie uns eine Nachricht \u00fcber das Kontaktformular uns wir werden uns so schnell wie m\u00f6glich bei Ihnen melden!<\/p>\t\t\n\t<a href=\"#povprasevanje\" target=\"_self\" role=\"button\" aria-label=\"IHRE ANFRAGE\" rel=\"noopener\">\n\t\t\t\t\t\tIHRE ANFRAGE\n\t\t\t<\/a>\n\t\t<h3>\n\t\t\tPARTNER &amp; BONIT\u00c4T A\n\t\t<\/h3>\n\t\t\t\t<img decoding=\"async\" loading=\"lazy\" src=\"https:\/\/avtolicar.net\/wp-content\/uploads\/2024\/03\/Avtolicarstvo-Papez-pogodbe-z-zavarovalnicami.png\" alt=\"Avtoli\u010darstvo Pape\u017e pogodbe z zavarovalnicami\" itemprop=\"image\" height=\"500\" width=\"500\" title=\"Avtoli\u010darstvo Pape\u017e pogodbe z zavarovalnicami\" onerror=\"this.style.display='none'\"  \/>\n\t\t\t\t<img decoding=\"async\" loading=\"lazy\" src=\"https:\/\/avtolicar.net\/wp-content\/uploads\/2021\/03\/oenyo5wx.jpg\" alt=\"oenyo5wx\" itemprop=\"image\" height=\"300\" width=\"400\" title=\"oenyo5wx\" onerror=\"this.style.display='none'\"  \/>\n\t\t\t\t<img decoding=\"async\" loading=\"lazy\" src=\"https:\/\/avtolicar.net\/wp-content\/uploads\/2025\/06\/Papez-logo-150x150.png\" alt=\"Pape\u017e logo\" itemprop=\"image\" height=\"150\" width=\"150\" title=\"Pape\u017e logo\" onerror=\"this.style.display='none'\"  \/>\n\t\t<ul>\n\t\t\t\t\t<li>\n\t\t\t\t<h3>+386 (0)31 683 016<\/h3>\n\t\t\t<\/li>\n\t\t\t\t\t<li>\n\t\t\t\t<h3>Podjel\u0161e 2, 1241 Kamnik, Slowenien<\/h3>\n\t\t\t<\/li>\n\t\t\t\t\t<li>\n\t\t\t\t<h3>Mo. &#8211; Fr. 7.00 &#8211; 17.00 Uhr bzw. nach Vereinbarung! Samstag: nach Vereinbarung<\/h3>\n\t\t\t<\/li>\n\t\t\t\t<\/ul>\n\t\t<h4>\n\t\t\tIHRE ANFRAGE\n\t\t<\/h4>\n<form>\n\t<input type=\"hidden\" name=\"fl-layout-id\" value=\"321\" \/>\n    \t\t<label for=\"pp-name-\">Vor- und Nachname<\/label>\n    \t\tBitte gib Deinen Namen ein.\n    \t\t<input type=\"text\" name=\"pp-name\" id=\"pp-name-\" value=\"\" placeholder=\"Vor- und Nachname\"  \/>\n    \t\t<label for=\"pp-email-\">E-Mail<\/label>\n    \t\tBitte gib eine valide E-Mail Adresse an.\n    \t\t<input type=\"email\" name=\"pp-email\" id=\"pp-email-\" value=\"\" placeholder=\"E-Mail\"  \/>\n    \t\t<label for=\"pp-phone-\">Telefon<\/label>\n    \t\tBitte gib eine g\u00fcltige Telefonnummer an.\n    \t\t<input type=\"tel\" name=\"pp-phone\" id=\"pp-phone-\" value=\"\" placeholder=\"Telefon\"  \/>\n    \t\t<label for=\"pp-message-\">Ihre Nachricht<\/label>\n    \t\tPlease type your message.\n    \t\t<textarea name=\"pp-message\" id=\"pp-message-\" placeholder=\"Ihre Nachricht\"><\/textarea>\n    \t<a href=\"#\" target=\"_self\" role=\"button\" rel=\"noopener\">\n    \t\t    \t\t    \t\tSenden\n    \t\t    \t\t    \t<\/a>\n\t\t\tMessage failed. Please try again.\n<\/form>\n  <p>Vielen Dank! Wir werden uns so schnell wie m\u00f6glich bei Ihnen melden.<\/p>\n\n","protected":false},"excerpt":{"rendered":"<p>KFZ LACKIEREREI UND SPENGLEREI PAPE\u017d IHRE ANFRAGE KFZ LACKIEREREI UND SPENGLEREI PAPE\u017d Kfz-Lackiererei, Kfz-Spenglerei und Autowerkstatt f\u00fcr PKW und LKW VERTR\u00c4GE MIT VERSICHERUNGSGESELLSCHAFTEN Triglav, Sava, Generali, Grawe, Allianz, Croatia, Wiener St\u00e4dtische Versicherung Sch\u00e4tzung der Fahrzeuge f\u00fcr die Versicherungsgesellschaft Zavarovalnica Triglav FAHRZEUGPFLEGE Polieren der Fahrzeuge Handw\u00e4sche und Autoinnenreinigung (Tiefenreinigung) der PKWs Polieren bzw. Aufbereitung der Scheinwerfer&hellip;<\/p>\n","protected":false},"author":1,"featured_media":0,"parent":0,"menu_order":0,"comment_status":"closed","ping_status":"closed","template":"","meta":[],"yoast_head":"<!-- This site is optimized with the Yoast SEO plugin v20.12 - https:\/\/yoast.com\/wordpress\/plugins\/seo\/ -->\n<title>AVTOLI\u010cARSTVO in AVTOKLEPARSTVO PAPE\u017d<\/title>\n<meta name=\"description\" content=\"Autoreparatur, Karosseriereparatur und Mechanik f\u00fcr PKW und LKW in der Werkstatt Pape\u017e in Kamnik. Wir k\u00f6nnen Ihnen auch ein Ersatzfahrzeug f\u00fcr die Dauer der Reparatur zur Verf\u00fcgung stellen.\" \/>\n<meta name=\"robots\" content=\"index, follow, max-snippet:-1, max-image-preview:large, max-video-preview:-1\" \/>\n<link rel=\"canonical\" href=\"https:\/\/avtolicar.net\/de\/\" \/>\n<meta property=\"og:locale\" content=\"de_DE\" \/>\n<meta property=\"og:type\" content=\"article\" \/>\n<meta property=\"og:title\" content=\"AVTOLI\u010cARSTVO in AVTOKLEPARSTVO PAPE\u017d\" \/>\n<meta property=\"og:description\" content=\"Autoreparatur, Karosseriereparatur und Mechanik f\u00fcr PKW und LKW in der Werkstatt Pape\u017e in Kamnik. Wir k\u00f6nnen Ihnen auch ein Ersatzfahrzeug f\u00fcr die Dauer der Reparatur zur Verf\u00fcgung stellen.\" \/>\n<meta property=\"og:url\" content=\"https:\/\/avtolicar.net\/de\/\" \/>\n<meta property=\"og:site_name\" content=\"AVTOLI\u010cARSTVO IN AVTOKLEPARSTVO PAPE\u017d\" \/>\n<meta property=\"article:modified_time\" content=\"2025-06-11T10:39:56+00:00\" \/>\n<meta property=\"og:image\" content=\"https:\/\/avtolicar.net\/wp-content\/uploads\/bb-plugin\/cache\/c3BgcYrW-landscape-f439c1462c340a56156327bb2a164618-.jpg\" \/>\n<meta name=\"twitter:card\" content=\"summary_large_image\" \/>\n<meta name=\"twitter:label1\" content=\"Est. reading time\" \/>\n\t<meta name=\"twitter:data1\" content=\"3 Minuten\" \/>\n<script type=\"application\/ld+json\" class=\"yoast-schema-graph\">{\"@context\":\"https:\/\/schema.org\",\"@graph\":[{\"@type\":\"WebPage\",\"@id\":\"https:\/\/avtolicar.net\/de\/\",\"url\":\"https:\/\/avtolicar.net\/de\/\",\"name\":\"AVTOLI\u010cARSTVO in AVTOKLEPARSTVO PAPE\u017d\",\"isPartOf\":{\"@id\":\"https:\/\/avtolicar.net\/de\/#website\"},\"datePublished\":\"2019-07-22T14:05:25+00:00\",\"dateModified\":\"2025-06-11T10:39:56+00:00\",\"description\":\"Autoreparatur, Karosseriereparatur und Mechanik f\u00fcr PKW und LKW in der Werkstatt Pape\u017e in Kamnik. Wir k\u00f6nnen Ihnen auch ein Ersatzfahrzeug f\u00fcr die Dauer der Reparatur zur Verf\u00fcgung stellen.\",\"breadcrumb\":{\"@id\":\"https:\/\/avtolicar.net\/de\/#breadcrumb\"},\"inLanguage\":\"de-DE\",\"potentialAction\":[{\"@type\":\"ReadAction\",\"target\":[\"https:\/\/avtolicar.net\/de\/\"]}]},{\"@type\":\"BreadcrumbList\",\"@id\":\"https:\/\/avtolicar.net\/de\/#breadcrumb\",\"itemListElement\":[{\"@type\":\"ListItem\",\"position\":1,\"name\":\"Home\",\"item\":\"https:\/\/avtolicar.net\/de\/\"},{\"@type\":\"ListItem\",\"position\":2,\"name\":\"Zur Startseite\"}]},{\"@type\":\"WebSite\",\"@id\":\"https:\/\/avtolicar.net\/de\/#website\",\"url\":\"https:\/\/avtolicar.net\/de\/\",\"name\":\"AVTOLI\u010cARSTVO IN AVTOKLEPARSTVO PAPE\u017d\",\"description\":\"\",\"potentialAction\":[{\"@type\":\"SearchAction\",\"target\":{\"@type\":\"EntryPoint\",\"urlTemplate\":\"https:\/\/avtolicar.net\/de\/?s={search_term_string}\"},\"query-input\":\"required name=search_term_string\"}],\"inLanguage\":\"de-DE\"}]}<\/script>\n<!-- \/ Yoast SEO plugin. -->","yoast_head_json":{"title":"AVTOLI\u010cARSTVO in AVTOKLEPARSTVO PAPE\u017d","description":"Autoreparatur, Karosseriereparatur und Mechanik f\u00fcr PKW und LKW in der Werkstatt Pape\u017e in Kamnik. Wir k\u00f6nnen Ihnen auch ein Ersatzfahrzeug f\u00fcr die Dauer der Reparatur zur Verf\u00fcgung stellen.","robots":{"index":"index","follow":"follow","max-snippet":"max-snippet:-1","max-image-preview":"max-image-preview:large","max-video-preview":"max-video-preview:-1"},"canonical":"https:\/\/avtolicar.net\/de\/","og_locale":"de_DE","og_type":"article","og_title":"AVTOLI\u010cARSTVO in AVTOKLEPARSTVO PAPE\u017d","og_description":"Autoreparatur, Karosseriereparatur und Mechanik f\u00fcr PKW und LKW in der Werkstatt Pape\u017e in Kamnik. Wir k\u00f6nnen Ihnen auch ein Ersatzfahrzeug f\u00fcr die Dauer der Reparatur zur Verf\u00fcgung stellen.","og_url":"https:\/\/avtolicar.net\/de\/","og_site_name":"AVTOLI\u010cARSTVO IN AVTOKLEPARSTVO PAPE\u017d","article_modified_time":"2025-06-11T10:39:56+00:00","og_image":[{"url":"https:\/\/avtolicar.net\/wp-content\/uploads\/bb-plugin\/cache\/c3BgcYrW-landscape-f439c1462c340a56156327bb2a164618-.jpg"}],"twitter_card":"summary_large_image","twitter_misc":{"Est. reading time":"3 Minuten"},"schema":{"@context":"https:\/\/schema.org","@graph":[{"@type":"WebPage","@id":"https:\/\/avtolicar.net\/de\/","url":"https:\/\/avtolicar.net\/de\/","name":"AVTOLI\u010cARSTVO in AVTOKLEPARSTVO PAPE\u017d","isPartOf":{"@id":"https:\/\/avtolicar.net\/de\/#website"},"datePublished":"2019-07-22T14:05:25+00:00","dateModified":"2025-06-11T10:39:56+00:00","description":"Autoreparatur, Karosseriereparatur und Mechanik f\u00fcr PKW und LKW in der Werkstatt Pape\u017e in Kamnik. Wir k\u00f6nnen Ihnen auch ein Ersatzfahrzeug f\u00fcr die Dauer der Reparatur zur Verf\u00fcgung stellen.","breadcrumb":{"@id":"https:\/\/avtolicar.net\/de\/#breadcrumb"},"inLanguage":"de-DE","potentialAction":[{"@type":"ReadAction","target":["https:\/\/avtolicar.net\/de\/"]}]},{"@type":"BreadcrumbList","@id":"https:\/\/avtolicar.net\/de\/#breadcrumb","itemListElement":[{"@type":"ListItem","position":1,"name":"Home","item":"https:\/\/avtolicar.net\/de\/"},{"@type":"ListItem","position":2,"name":"Zur Startseite"}]},{"@type":"WebSite","@id":"https:\/\/avtolicar.net\/de\/#website","url":"https:\/\/avtolicar.net\/de\/","name":"AVTOLI\u010cARSTVO IN AVTOKLEPARSTVO PAPE\u017d","description":"","potentialAction":[{"@type":"SearchAction","target":{"@type":"EntryPoint","urlTemplate":"https:\/\/avtolicar.net\/de\/?s={search_term_string}"},"query-input":"required name=search_term_string"}],"inLanguage":"de-DE"}]}},"_links":{"self":[{"href":"https:\/\/avtolicar.net\/de\/wp-json\/wp\/v2\/pages\/321"}],"collection":[{"href":"https:\/\/avtolicar.net\/de\/wp-json\/wp\/v2\/pages"}],"about":[{"href":"https:\/\/avtolicar.net\/de\/wp-json\/wp\/v2\/types\/page"}],"author":[{"embeddable":true,"href":"https:\/\/avtolicar.net\/de\/wp-json\/wp\/v2\/users\/1"}],"replies":[{"embeddable":true,"href":"https:\/\/avtolicar.net\/de\/wp-json\/wp\/v2\/comments?post=321"}],"version-history":[{"count":3,"href":"https:\/\/avtolicar.net\/de\/wp-json\/wp\/v2\/pages\/321\/revisions"}],"predecessor-version":[{"id":413,"href":"https:\/\/avtolicar.net\/de\/wp-json\/wp\/v2\/pages\/321\/revisions\/413"}],"wp:attachment":[{"href":"https:\/\/avtolicar.net\/de\/wp-json\/wp\/v2\/media?parent=321"}],"curies":[{"name":"wp","href":"https:\/\/api.w.org\/{rel}","templated":true}]}}